{"id":7686,"date":"2021-09-28T01:05:49","date_gmt":"2021-09-27T23:05:49","guid":{"rendered":"http:\/\/www.stefanim.fr\/?page_id=7686"},"modified":"2026-02-26T10:24:39","modified_gmt":"2026-02-26T09:24:39","slug":"sonorisation-pour-votre-cocktail","status":"publish","type":"page","link":"https:\/\/www.stefanim.fr\/index.php\/sonorisation-pour-votre-cocktail\/","title":{"rendered":"Sonorisation pour votre c\u00e9r\u00e9monie la\u00efque et Cocktail en ext\u00e9rieur."},"content":{"rendered":"<div id=\"i2troncq\" class=\"_2Ne-9\">\n<div class=\"_2wkLQ\"><strong><span style=\"font-size: 1.2rem;\">Pour votre Cocktail, ou votre vin d&rsquo;honneur :\u00a0<\/span><\/strong><\/div>\n<\/div>\n<div><\/div>\n<div><strong><span class=\"color_4\">Une m<\/span>ise en place d&rsquo;un syst\u00e8me de sonorisation pour une ambiance et la diffusion de musique de votre choix.<\/strong><\/div>\n<div id=\"i2troncq\" class=\"_2Ne-9\">\n<div><\/div>\n<\/div>\n<div><strong>Comme:\u00a0 lounge, latino, Swing, jazz, blues &#8230;<\/strong><\/div>\n<div id=\"i25byid8\" class=\"_1Q9if\" data-testid=\"richTextElement\">\n<p class=\"font_8\"><strong><span class=\"color_4\">Et\u00a0<\/span><span class=\"color_4\"><span style=\"font-size: 19.2px;\">pour<\/span>\u00a0<\/span>profiter pleinement de ce moment privil\u00e9gi\u00e9 o\u00f9 vous pouvez converser avec vos invit\u00e9s, la musiques sera diffus\u00e9e \u00e0 faible volume.<\/strong><\/p>\n<\/div>\n<p>&nbsp;<\/p>\n<p>&nbsp;<\/p>\n<h2><strong>Mariage La\u00efque :<\/strong><\/h2>\n<p>&nbsp;<\/p>\n<p><img decoding=\"async\" loading=\"lazy\" class=\"alignnone wp-image-19898\" src=\"http:\/\/www.stefanim.fr\/wp-content\/uploads\/2023\/01\/Mariage-Cindy-et-Mael-18-09-2021-11-300x200.jpg\" alt=\"\" width=\"397\" height=\"264\" srcset=\"https:\/\/www.stefanim.fr\/wp-content\/uploads\/2023\/01\/Mariage-Cindy-et-Mael-18-09-2021-11-300x200.jpg 300w, https:\/\/www.stefanim.fr\/wp-content\/uploads\/2023\/01\/Mariage-Cindy-et-Mael-18-09-2021-11-1024x683.jpg 1024w, https:\/\/www.stefanim.fr\/wp-content\/uploads\/2023\/01\/Mariage-Cindy-et-Mael-18-09-2021-11-768x512.jpg 768w, https:\/\/www.stefanim.fr\/wp-content\/uploads\/2023\/01\/Mariage-Cindy-et-Mael-18-09-2021-11-1536x1024.jpg 1536w, https:\/\/www.stefanim.fr\/wp-content\/uploads\/2023\/01\/Mariage-Cindy-et-Mael-18-09-2021-11-2048x1365.jpg 2048w\" sizes=\"(max-width: 397px) 100vw, 397px\" \/><\/p>\n<p>&nbsp;<\/p>\n<p><img decoding=\"async\" loading=\"lazy\" class=\"alignnone wp-image-20187\" src=\"http:\/\/www.stefanim.fr\/wp-content\/uploads\/2023\/05\/Mariage-Cindy-et-Mael-18-09-2021-19-200x300.jpg\" alt=\"\" width=\"226\" height=\"339\" srcset=\"https:\/\/www.stefanim.fr\/wp-content\/uploads\/2023\/05\/Mariage-Cindy-et-Mael-18-09-2021-19-200x300.jpg 200w, https:\/\/www.stefanim.fr\/wp-content\/uploads\/2023\/05\/Mariage-Cindy-et-Mael-18-09-2021-19-683x1024.jpg 683w, https:\/\/www.stefanim.fr\/wp-content\/uploads\/2023\/05\/Mariage-Cindy-et-Mael-18-09-2021-19-768x1152.jpg 768w, https:\/\/www.stefanim.fr\/wp-content\/uploads\/2023\/05\/Mariage-Cindy-et-Mael-18-09-2021-19-1024x1536.jpg 1024w, https:\/\/www.stefanim.fr\/wp-content\/uploads\/2023\/05\/Mariage-Cindy-et-Mael-18-09-2021-19-1365x2048.jpg 1365w, https:\/\/www.stefanim.fr\/wp-content\/uploads\/2023\/05\/Mariage-Cindy-et-Mael-18-09-2021-19-scaled.jpg 1707w\" sizes=\"(max-width: 226px) 100vw, 226px\" \/> <img decoding=\"async\" loading=\"lazy\" class=\"alignnone wp-image-20186\" src=\"http:\/\/www.stefanim.fr\/wp-content\/uploads\/2023\/05\/Mariage-Cindy-et-Mael-18-09-2021-4-300x200.jpg\" alt=\"\" width=\"374\" height=\"249\" srcset=\"https:\/\/www.stefanim.fr\/wp-content\/uploads\/2023\/05\/Mariage-Cindy-et-Mael-18-09-2021-4-300x200.jpg 300w, https:\/\/www.stefanim.fr\/wp-content\/uploads\/2023\/05\/Mariage-Cindy-et-Mael-18-09-2021-4-1024x683.jpg 1024w, https:\/\/www.stefanim.fr\/wp-content\/uploads\/2023\/05\/Mariage-Cindy-et-Mael-18-09-2021-4-768x512.jpg 768w, https:\/\/www.stefanim.fr\/wp-content\/uploads\/2023\/05\/Mariage-Cindy-et-Mael-18-09-2021-4-1536x1024.jpg 1536w, https:\/\/www.stefanim.fr\/wp-content\/uploads\/2023\/05\/Mariage-Cindy-et-Mael-18-09-2021-4-2048x1365.jpg 2048w\" sizes=\"(max-width: 374px) 100vw, 374px\" \/><\/p>\n<p>&nbsp;<\/p>\n<p><img decoding=\"async\" loading=\"lazy\" class=\"wp-image-19900 aligncenter\" src=\"http:\/\/www.stefanim.fr\/wp-content\/uploads\/2023\/01\/Mariage-Cindy-et-Mael-18-09-2021-25-300x200.jpg\" alt=\"\" width=\"401\" height=\"268\" srcset=\"https:\/\/www.stefanim.fr\/wp-content\/uploads\/2023\/01\/Mariage-Cindy-et-Mael-18-09-2021-25-300x200.jpg 300w, https:\/\/www.stefanim.fr\/wp-content\/uploads\/2023\/01\/Mariage-Cindy-et-Mael-18-09-2021-25-1024x683.jpg 1024w, https:\/\/www.stefanim.fr\/wp-content\/uploads\/2023\/01\/Mariage-Cindy-et-Mael-18-09-2021-25-768x512.jpg 768w, https:\/\/www.stefanim.fr\/wp-content\/uploads\/2023\/01\/Mariage-Cindy-et-Mael-18-09-2021-25-1536x1024.jpg 1536w, https:\/\/www.stefanim.fr\/wp-content\/uploads\/2023\/01\/Mariage-Cindy-et-Mael-18-09-2021-25-2048x1365.jpg 2048w\" sizes=\"(max-width: 401px) 100vw, 401px\" \/><\/p>\n<p>&nbsp;<\/p>\n<p><img decoding=\"async\" loading=\"lazy\" class=\"wp-image-20184 alignright\" src=\"http:\/\/www.stefanim.fr\/wp-content\/uploads\/2023\/05\/Mariage-Cindy-et-Mael-18-09-2021-68-300x200.jpg\" alt=\"\" width=\"359\" height=\"239\" srcset=\"https:\/\/www.stefanim.fr\/wp-content\/uploads\/2023\/05\/Mariage-Cindy-et-Mael-18-09-2021-68-300x200.jpg 300w, https:\/\/www.stefanim.fr\/wp-content\/uploads\/2023\/05\/Mariage-Cindy-et-Mael-18-09-2021-68-1024x683.jpg 1024w, https:\/\/www.stefanim.fr\/wp-content\/uploads\/2023\/05\/Mariage-Cindy-et-Mael-18-09-2021-68-768x512.jpg 768w, https:\/\/www.stefanim.fr\/wp-content\/uploads\/2023\/05\/Mariage-Cindy-et-Mael-18-09-2021-68-1536x1024.jpg 1536w, https:\/\/www.stefanim.fr\/wp-content\/uploads\/2023\/05\/Mariage-Cindy-et-Mael-18-09-2021-68-2048x1365.jpg 2048w\" sizes=\"(max-width: 359px) 100vw, 359px\" \/><\/p>\n<p>&nbsp;<\/p>\n<p>&nbsp;<\/p>\n<p>&nbsp;<\/p>\n<p>&nbsp;<\/p>\n<p>&nbsp;<\/p>\n<p>&nbsp;<\/p>\n<p><img decoding=\"async\" loading=\"lazy\" class=\"wp-image-20181 alignleft\" src=\"http:\/\/www.stefanim.fr\/wp-content\/uploads\/2023\/05\/Mariage-Cindy-et-Mael-18-09-2021-55-300x200.jpg\" alt=\"\" width=\"368\" height=\"245\" srcset=\"https:\/\/www.stefanim.fr\/wp-content\/uploads\/2023\/05\/Mariage-Cindy-et-Mael-18-09-2021-55-300x200.jpg 300w, https:\/\/www.stefanim.fr\/wp-content\/uploads\/2023\/05\/Mariage-Cindy-et-Mael-18-09-2021-55-1024x683.jpg 1024w, https:\/\/www.stefanim.fr\/wp-content\/uploads\/2023\/05\/Mariage-Cindy-et-Mael-18-09-2021-55-768x512.jpg 768w, https:\/\/www.stefanim.fr\/wp-content\/uploads\/2023\/05\/Mariage-Cindy-et-Mael-18-09-2021-55-1536x1024.jpg 1536w, https:\/\/www.stefanim.fr\/wp-content\/uploads\/2023\/05\/Mariage-Cindy-et-Mael-18-09-2021-55-2048x1365.jpg 2048w\" sizes=\"(max-width: 368px) 100vw, 368px\" \/><\/p>\n<p>&nbsp;<\/p>\n<p>&nbsp;<\/p>\n<p><img decoding=\"async\" loading=\"lazy\" class=\"alignnone wp-image-20188\" src=\"http:\/\/www.stefanim.fr\/wp-content\/uploads\/2023\/05\/Mariage-Cindy-et-Mael-18-09-2021-72-1-200x300.jpg\" alt=\"\" width=\"268\" height=\"402\" srcset=\"https:\/\/www.stefanim.fr\/wp-content\/uploads\/2023\/05\/Mariage-Cindy-et-Mael-18-09-2021-72-1-200x300.jpg 200w, https:\/\/www.stefanim.fr\/wp-content\/uploads\/2023\/05\/Mariage-Cindy-et-Mael-18-09-2021-72-1-683x1024.jpg 683w, https:\/\/www.stefanim.fr\/wp-content\/uploads\/2023\/05\/Mariage-Cindy-et-Mael-18-09-2021-72-1-768x1152.jpg 768w, https:\/\/www.stefanim.fr\/wp-content\/uploads\/2023\/05\/Mariage-Cindy-et-Mael-18-09-2021-72-1-1024x1536.jpg 1024w, https:\/\/www.stefanim.fr\/wp-content\/uploads\/2023\/05\/Mariage-Cindy-et-Mael-18-09-2021-72-1-1365x2048.jpg 1365w, https:\/\/www.stefanim.fr\/wp-content\/uploads\/2023\/05\/Mariage-Cindy-et-Mael-18-09-2021-72-1-scaled.jpg 1707w\" sizes=\"(max-width: 268px) 100vw, 268px\" \/>\u00a0 <img decoding=\"async\" loading=\"lazy\" class=\"alignnone wp-image-20189\" src=\"http:\/\/www.stefanim.fr\/wp-content\/uploads\/2023\/05\/Mariage-Cindy-et-Mael-18-09-2021-96-300x200.jpg\" alt=\"\" width=\"419\" height=\"279\" srcset=\"https:\/\/www.stefanim.fr\/wp-content\/uploads\/2023\/05\/Mariage-Cindy-et-Mael-18-09-2021-96-300x200.jpg 300w, https:\/\/www.stefanim.fr\/wp-content\/uploads\/2023\/05\/Mariage-Cindy-et-Mael-18-09-2021-96-1024x683.jpg 1024w, https:\/\/www.stefanim.fr\/wp-content\/uploads\/2023\/05\/Mariage-Cindy-et-Mael-18-09-2021-96-768x512.jpg 768w, https:\/\/www.stefanim.fr\/wp-content\/uploads\/2023\/05\/Mariage-Cindy-et-Mael-18-09-2021-96-1536x1024.jpg 1536w, https:\/\/www.stefanim.fr\/wp-content\/uploads\/2023\/05\/Mariage-Cindy-et-Mael-18-09-2021-96-2048x1365.jpg 2048w\" sizes=\"(max-width: 419px) 100vw, 419px\" \/><\/p>\n<h2><\/h2>\n<h2><\/h2>\n<h2><\/h2>\n<p>&nbsp;<\/p>\n<p>&nbsp;<\/p>\n<h2><\/h2>\n<h2><\/h2>\n<h2><strong>Sonorisation pour un Cocktail :<\/strong><\/h2>\n<p>&nbsp;<\/p>\n<p><img decoding=\"async\" loading=\"lazy\" class=\"alignnone wp-image-20117\" src=\"http:\/\/www.stefanim.fr\/wp-content\/uploads\/2023\/04\/P1110897-300x225.jpg\" alt=\"\" width=\"455\" height=\"341\" srcset=\"https:\/\/www.stefanim.fr\/wp-content\/uploads\/2023\/04\/P1110897-300x225.jpg 300w, https:\/\/www.stefanim.fr\/wp-content\/uploads\/2023\/04\/P1110897-1024x768.jpg 1024w, https:\/\/www.stefanim.fr\/wp-content\/uploads\/2023\/04\/P1110897-768x576.jpg 768w, https:\/\/www.stefanim.fr\/wp-content\/uploads\/2023\/04\/P1110897-1536x1152.jpg 1536w, https:\/\/www.stefanim.fr\/wp-content\/uploads\/2023\/04\/P1110897-2048x1536.jpg 2048w\" sizes=\"(max-width: 455px) 100vw, 455px\" \/><\/p>\n<p><img decoding=\"async\" loading=\"lazy\" class=\"wp-image-20118 aligncenter\" src=\"http:\/\/www.stefanim.fr\/wp-content\/uploads\/2023\/04\/P1110898-300x225.jpg\" alt=\"\" width=\"450\" height=\"337\" srcset=\"https:\/\/www.stefanim.fr\/wp-content\/uploads\/2023\/04\/P1110898-300x225.jpg 300w, https:\/\/www.stefanim.fr\/wp-content\/uploads\/2023\/04\/P1110898-1024x768.jpg 1024w, https:\/\/www.stefanim.fr\/wp-content\/uploads\/2023\/04\/P1110898-768x576.jpg 768w, https:\/\/www.stefanim.fr\/wp-content\/uploads\/2023\/04\/P1110898-1536x1152.jpg 1536w, https:\/\/www.stefanim.fr\/wp-content\/uploads\/2023\/04\/P1110898-2048x1536.jpg 2048w\" sizes=\"(max-width: 450px) 100vw, 450px\" \/><\/p>\n<p>&nbsp;<\/p>\n<p>&nbsp;<\/p>\n<h2><strong>C\u00e9r\u00e9monie la\u00efque dans une vigne :\u00a0<\/strong><\/h2>\n<p><img decoding=\"async\" loading=\"lazy\" class=\"alignnone wp-image-20121\" src=\"http:\/\/www.stefanim.fr\/wp-content\/uploads\/2023\/04\/20220917_142924-300x169.jpg\" alt=\"\" width=\"442\" height=\"249\" srcset=\"https:\/\/www.stefanim.fr\/wp-content\/uploads\/2023\/04\/20220917_142924-300x169.jpg 300w, https:\/\/www.stefanim.fr\/wp-content\/uploads\/2023\/04\/20220917_142924-1024x576.jpg 1024w, https:\/\/www.stefanim.fr\/wp-content\/uploads\/2023\/04\/20220917_142924-768x432.jpg 768w, https:\/\/www.stefanim.fr\/wp-content\/uploads\/2023\/04\/20220917_142924-1536x864.jpg 1536w, https:\/\/www.stefanim.fr\/wp-content\/uploads\/2023\/04\/20220917_142924-2048x1152.jpg 2048w\" sizes=\"(max-width: 442px) 100vw, 442px\" \/> \u00a0\u00a0<img decoding=\"async\" loading=\"lazy\" class=\"wp-image-20123 aligncenter\" src=\"http:\/\/www.stefanim.fr\/wp-content\/uploads\/2023\/04\/20220917_143015-300x169.jpg\" alt=\"\" width=\"433\" height=\"244\" srcset=\"https:\/\/www.stefanim.fr\/wp-content\/uploads\/2023\/04\/20220917_143015-300x169.jpg 300w, https:\/\/www.stefanim.fr\/wp-content\/uploads\/2023\/04\/20220917_143015-1024x576.jpg 1024w, https:\/\/www.stefanim.fr\/wp-content\/uploads\/2023\/04\/20220917_143015-768x432.jpg 768w, https:\/\/www.stefanim.fr\/wp-content\/uploads\/2023\/04\/20220917_143015-1536x864.jpg 1536w, https:\/\/www.stefanim.fr\/wp-content\/uploads\/2023\/04\/20220917_143015-2048x1152.jpg 2048w\" sizes=\"(max-width: 433px) 100vw, 433px\" \/><\/p>\n<p><img decoding=\"async\" loading=\"lazy\" class=\"wp-image-20130 alignright\" src=\"http:\/\/www.stefanim.fr\/wp-content\/uploads\/2023\/04\/20220917_162818-300x169.jpg\" alt=\"\" width=\"441\" height=\"249\" srcset=\"https:\/\/www.stefanim.fr\/wp-content\/uploads\/2023\/04\/20220917_162818-300x169.jpg 300w, https:\/\/www.stefanim.fr\/wp-content\/uploads\/2023\/04\/20220917_162818-1024x576.jpg 1024w, https:\/\/www.stefanim.fr\/wp-content\/uploads\/2023\/04\/20220917_162818-768x432.jpg 768w, https:\/\/www.stefanim.fr\/wp-content\/uploads\/2023\/04\/20220917_162818-1536x864.jpg 1536w, https:\/\/www.stefanim.fr\/wp-content\/uploads\/2023\/04\/20220917_162818-2048x1152.jpg 2048w\" sizes=\"(max-width: 441px) 100vw, 441px\" \/><\/p>\n<p>&nbsp;<\/p>\n<p>&nbsp;<\/p>\n<p>&nbsp;<\/p>\n<p>&nbsp;<\/p>\n<p>&nbsp;<\/p>\n<p><img decoding=\"async\" loading=\"lazy\" class=\"alignnone wp-image-20136\" src=\"http:\/\/www.stefanim.fr\/wp-content\/uploads\/2023\/04\/20220903_161655-300x169.jpg\" alt=\"\" width=\"415\" height=\"234\" srcset=\"https:\/\/www.stefanim.fr\/wp-content\/uploads\/2023\/04\/20220903_161655-300x169.jpg 300w, https:\/\/www.stefanim.fr\/wp-content\/uploads\/2023\/04\/20220903_161655-1024x576.jpg 1024w, https:\/\/www.stefanim.fr\/wp-content\/uploads\/2023\/04\/20220903_161655-768x432.jpg 768w, https:\/\/www.stefanim.fr\/wp-content\/uploads\/2023\/04\/20220903_161655-1536x864.jpg 1536w, https:\/\/www.stefanim.fr\/wp-content\/uploads\/2023\/04\/20220903_161655-2048x1152.jpg 2048w\" sizes=\"(max-width: 415px) 100vw, 415px\" \/><\/p>\n<p>&nbsp;<\/p>\n<h2><strong>Sonorisation pour un vin d&rsquo;Honneur :<\/strong><\/h2>\n<p>&nbsp;<\/p>\n<p><img decoding=\"async\" loading=\"lazy\" class=\"alignnone wp-image-7701\" src=\"http:\/\/www.stefanim.fr\/wp-content\/uploads\/2021\/09\/MARIAGE-DISABELLE-ET-JONATHANN-LE-1er-SEPTEMBRE-2018-10-169x300.jpg\" alt=\"\" width=\"228\" height=\"405\" srcset=\"https:\/\/www.stefanim.fr\/wp-content\/uploads\/2021\/09\/MARIAGE-DISABELLE-ET-JONATHANN-LE-1er-SEPTEMBRE-2018-10-169x300.jpg 169w, https:\/\/www.stefanim.fr\/wp-content\/uploads\/2021\/09\/MARIAGE-DISABELLE-ET-JONATHANN-LE-1er-SEPTEMBRE-2018-10-768x1365.jpg 768w, https:\/\/www.stefanim.fr\/wp-content\/uploads\/2021\/09\/MARIAGE-DISABELLE-ET-JONATHANN-LE-1er-SEPTEMBRE-2018-10-576x1024.jpg 576w\" sizes=\"(max-width: 228px) 100vw, 228px\" \/>\u00a0 \u00a0<img decoding=\"async\" loading=\"lazy\" class=\"alignnone wp-image-7702\" src=\"http:\/\/www.stefanim.fr\/wp-content\/uploads\/2021\/09\/MARIAGE-DISABELLE-ET-JONATHANN-LE-1er-SEPTEMBRE-2018-11-169x300.jpg\" alt=\"\" width=\"229\" height=\"407\" srcset=\"https:\/\/www.stefanim.fr\/wp-content\/uploads\/2021\/09\/MARIAGE-DISABELLE-ET-JONATHANN-LE-1er-SEPTEMBRE-2018-11-169x300.jpg 169w, https:\/\/www.stefanim.fr\/wp-content\/uploads\/2021\/09\/MARIAGE-DISABELLE-ET-JONATHANN-LE-1er-SEPTEMBRE-2018-11-768x1365.jpg 768w, https:\/\/www.stefanim.fr\/wp-content\/uploads\/2021\/09\/MARIAGE-DISABELLE-ET-JONATHANN-LE-1er-SEPTEMBRE-2018-11-576x1024.jpg 576w\" sizes=\"(max-width: 229px) 100vw, 229px\" \/>\u00a0 <img decoding=\"async\" loading=\"lazy\" class=\"alignnone wp-image-7719\" src=\"http:\/\/www.stefanim.fr\/wp-content\/uploads\/2021\/09\/MARIAGE-DISABELLE-ET-JONATHANN-LE-1er-SEPTEMBRE-2018-5-300x169.jpg\" alt=\"\" width=\"495\" height=\"279\" srcset=\"https:\/\/www.stefanim.fr\/wp-content\/uploads\/2021\/09\/MARIAGE-DISABELLE-ET-JONATHANN-LE-1er-SEPTEMBRE-2018-5-300x169.jpg 300w, https:\/\/www.stefanim.fr\/wp-content\/uploads\/2021\/09\/MARIAGE-DISABELLE-ET-JONATHANN-LE-1er-SEPTEMBRE-2018-5-768x432.jpg 768w, https:\/\/www.stefanim.fr\/wp-content\/uploads\/2021\/09\/MARIAGE-DISABELLE-ET-JONATHANN-LE-1er-SEPTEMBRE-2018-5-1024x576.jpg 1024w\" sizes=\"(max-width: 495px) 100vw, 495px\" \/><\/p>\n<p>&nbsp;<\/p>\n<p>&nbsp;<\/p>\n<p>&nbsp;<\/p>\n<h2><strong>C\u00e9r\u00e9monie La\u00efque avec les Bodin&rsquo;s :<\/strong><\/h2>\n<p>&nbsp;<\/p>\n<p><img decoding=\"async\" loading=\"lazy\" class=\"alignnone wp-image-20138\" src=\"http:\/\/www.stefanim.fr\/wp-content\/uploads\/2023\/04\/20150206_233307-300x169.jpg\" alt=\"\" width=\"456\" height=\"257\" srcset=\"https:\/\/www.stefanim.fr\/wp-content\/uploads\/2023\/04\/20150206_233307-300x169.jpg 300w, https:\/\/www.stefanim.fr\/wp-content\/uploads\/2023\/04\/20150206_233307-1024x576.jpg 1024w, https:\/\/www.stefanim.fr\/wp-content\/uploads\/2023\/04\/20150206_233307-768x432.jpg 768w, https:\/\/www.stefanim.fr\/wp-content\/uploads\/2023\/04\/20150206_233307-1536x864.jpg 1536w, https:\/\/www.stefanim.fr\/wp-content\/uploads\/2023\/04\/20150206_233307-2048x1152.jpg 2048w\" sizes=\"(max-width: 456px) 100vw, 456px\" \/><\/p>\n<p><img decoding=\"async\" loading=\"lazy\" class=\"wp-image-20139 aligncenter\" src=\"http:\/\/www.stefanim.fr\/wp-content\/uploads\/2023\/04\/20150206_233344_001-300x169.jpg\" alt=\"\" width=\"477\" height=\"269\" srcset=\"https:\/\/www.stefanim.fr\/wp-content\/uploads\/2023\/04\/20150206_233344_001-300x169.jpg 300w, https:\/\/www.stefanim.fr\/wp-content\/uploads\/2023\/04\/20150206_233344_001-1024x576.jpg 1024w, https:\/\/www.stefanim.fr\/wp-content\/uploads\/2023\/04\/20150206_233344_001-768x432.jpg 768w, https:\/\/www.stefanim.fr\/wp-content\/uploads\/2023\/04\/20150206_233344_001-1536x864.jpg 1536w, https:\/\/www.stefanim.fr\/wp-content\/uploads\/2023\/04\/20150206_233344_001-2048x1152.jpg 2048w\" sizes=\"(max-width: 477px) 100vw, 477px\" \/><\/p>\n<h2>Animation cracheuse de feu :<\/h2>\n<div style=\"width: 800px;\" class=\"wp-video\"><!--[if lt IE 9]><script>document.createElement('video');<\/script><![endif]-->\n<video class=\"wp-video-shortcode\" id=\"video-7686-1\" width=\"800\" height=\"450\" preload=\"metadata\" controls=\"controls\"><source type=\"video\/mp4\" src=\"http:\/\/www.stefanim.fr\/wp-content\/uploads\/2023\/05\/20150207_095824.mp4?_=1\" \/><a href=\"http:\/\/www.stefanim.fr\/wp-content\/uploads\/2023\/05\/20150207_095824.mp4\">http:\/\/www.stefanim.fr\/wp-content\/uploads\/2023\/05\/20150207_095824.mp4<\/a><\/video><\/div>\n<h2><\/h2>\n<h2><strong>Cocktail :\u00a0<\/strong><\/h2>\n<p><img decoding=\"async\" loading=\"lazy\" class=\"alignnone wp-image-20142\" src=\"http:\/\/www.stefanim.fr\/wp-content\/uploads\/2023\/04\/MARIAGE-DE-JESSICA-ET-ANTHONNY-DU-16-JUIN-2018-15-300x169.jpg\" alt=\"\" width=\"433\" height=\"244\" srcset=\"https:\/\/www.stefanim.fr\/wp-content\/uploads\/2023\/04\/MARIAGE-DE-JESSICA-ET-ANTHONNY-DU-16-JUIN-2018-15-300x169.jpg 300w, https:\/\/www.stefanim.fr\/wp-content\/uploads\/2023\/04\/MARIAGE-DE-JESSICA-ET-ANTHONNY-DU-16-JUIN-2018-15-1024x576.jpg 1024w, https:\/\/www.stefanim.fr\/wp-content\/uploads\/2023\/04\/MARIAGE-DE-JESSICA-ET-ANTHONNY-DU-16-JUIN-2018-15-768x432.jpg 768w, https:\/\/www.stefanim.fr\/wp-content\/uploads\/2023\/04\/MARIAGE-DE-JESSICA-ET-ANTHONNY-DU-16-JUIN-2018-15-1536x864.jpg 1536w, https:\/\/www.stefanim.fr\/wp-content\/uploads\/2023\/04\/MARIAGE-DE-JESSICA-ET-ANTHONNY-DU-16-JUIN-2018-15-2048x1152.jpg 2048w\" sizes=\"(max-width: 433px) 100vw, 433px\" \/><\/p>\n<p>&nbsp;<\/p>\n<p><img decoding=\"async\" loading=\"lazy\" class=\"wp-image-20143 aligncenter\" src=\"http:\/\/www.stefanim.fr\/wp-content\/uploads\/2023\/04\/MARIAGE-DE-JESSICA-ET-ANTHONNY-DU-16-JUIN-2018-21-300x169.jpg\" alt=\"\" width=\"435\" height=\"245\" srcset=\"https:\/\/www.stefanim.fr\/wp-content\/uploads\/2023\/04\/MARIAGE-DE-JESSICA-ET-ANTHONNY-DU-16-JUIN-2018-21-300x169.jpg 300w, https:\/\/www.stefanim.fr\/wp-content\/uploads\/2023\/04\/MARIAGE-DE-JESSICA-ET-ANTHONNY-DU-16-JUIN-2018-21-1024x576.jpg 1024w, https:\/\/www.stefanim.fr\/wp-content\/uploads\/2023\/04\/MARIAGE-DE-JESSICA-ET-ANTHONNY-DU-16-JUIN-2018-21-768x432.jpg 768w, https:\/\/www.stefanim.fr\/wp-content\/uploads\/2023\/04\/MARIAGE-DE-JESSICA-ET-ANTHONNY-DU-16-JUIN-2018-21-1536x864.jpg 1536w, https:\/\/www.stefanim.fr\/wp-content\/uploads\/2023\/04\/MARIAGE-DE-JESSICA-ET-ANTHONNY-DU-16-JUIN-2018-21-2048x1152.jpg 2048w\" sizes=\"(max-width: 435px) 100vw, 435px\" \/><\/p>\n<p><img decoding=\"async\" loading=\"lazy\" class=\"wp-image-20144 alignright\" src=\"http:\/\/www.stefanim.fr\/wp-content\/uploads\/2023\/04\/MARIAGE-DE-JESSICA-ET-ANTHONNY-DU-16-JUIN-2018-20-169x300.jpg\" alt=\"\" width=\"296\" height=\"525\" srcset=\"https:\/\/www.stefanim.fr\/wp-content\/uploads\/2023\/04\/MARIAGE-DE-JESSICA-ET-ANTHONNY-DU-16-JUIN-2018-20-169x300.jpg 169w, https:\/\/www.stefanim.fr\/wp-content\/uploads\/2023\/04\/MARIAGE-DE-JESSICA-ET-ANTHONNY-DU-16-JUIN-2018-20-576x1024.jpg 576w\" sizes=\"(max-width: 296px) 100vw, 296px\" \/><\/p>\n<p>&nbsp;<\/p>\n<p>&nbsp;<\/p>\n<p>&nbsp;<\/p>\n<p>&nbsp;<\/p>\n<p>&nbsp;<\/p>\n<p>&nbsp;<\/p>\n<p>&nbsp;<\/p>\n<p>&nbsp;<\/p>\n<p>&nbsp;<\/p>\n<p>&nbsp;<\/p>\n<p>&nbsp;<\/p>\n<p>&nbsp;<\/p>\n<p>&nbsp;<\/p>\n<h2>Les <span style=\"font-size: 28.8px;\">diff\u00e9rentes<\/span> fontaines des Mari\u00e9s :<\/h2>\n<p>&nbsp;<\/p>\n<p><img decoding=\"async\" loading=\"lazy\" class=\"alignnone wp-image-19902\" src=\"http:\/\/www.stefanim.fr\/wp-content\/uploads\/2023\/01\/Mariage-Cindy-et-Mael-18-09-2021-176-200x300.jpg\" alt=\"\" width=\"273\" height=\"410\" srcset=\"https:\/\/www.stefanim.fr\/wp-content\/uploads\/2023\/01\/Mariage-Cindy-et-Mael-18-09-2021-176-200x300.jpg 200w, https:\/\/www.stefanim.fr\/wp-content\/uploads\/2023\/01\/Mariage-Cindy-et-Mael-18-09-2021-176-683x1024.jpg 683w, https:\/\/www.stefanim.fr\/wp-content\/uploads\/2023\/01\/Mariage-Cindy-et-Mael-18-09-2021-176-768x1152.jpg 768w, https:\/\/www.stefanim.fr\/wp-content\/uploads\/2023\/01\/Mariage-Cindy-et-Mael-18-09-2021-176-1024x1536.jpg 1024w, https:\/\/www.stefanim.fr\/wp-content\/uploads\/2023\/01\/Mariage-Cindy-et-Mael-18-09-2021-176-1365x2048.jpg 1365w, https:\/\/www.stefanim.fr\/wp-content\/uploads\/2023\/01\/Mariage-Cindy-et-Mael-18-09-2021-176-scaled.jpg 1707w\" sizes=\"(max-width: 273px) 100vw, 273px\" \/><\/p>\n<p><img decoding=\"async\" loading=\"lazy\" class=\"wp-image-7722 aligncenter\" src=\"http:\/\/www.stefanim.fr\/wp-content\/uploads\/2021\/09\/20210724_122627-225x300.jpg\" alt=\"\" width=\"276\" height=\"368\" srcset=\"https:\/\/www.stefanim.fr\/wp-content\/uploads\/2021\/09\/20210724_122627-225x300.jpg 225w, https:\/\/www.stefanim.fr\/wp-content\/uploads\/2021\/09\/20210724_122627-768x1024.jpg 768w\" sizes=\"(max-width: 276px) 100vw, 276px\" \/><\/p>\n<p><img decoding=\"async\" loading=\"lazy\" class=\"alignnone  wp-image-20917\" src=\"http:\/\/www.stefanim.fr\/wp-content\/uploads\/2025\/01\/20250111_192647-224x300.jpg\" alt=\"\" width=\"266\" height=\"356\" srcset=\"https:\/\/www.stefanim.fr\/wp-content\/uploads\/2025\/01\/20250111_192647-224x300.jpg 224w, https:\/\/www.stefanim.fr\/wp-content\/uploads\/2025\/01\/20250111_192647-766x1024.jpg 766w, https:\/\/www.stefanim.fr\/wp-content\/uploads\/2025\/01\/20250111_192647-768x1027.jpg 768w, https:\/\/www.stefanim.fr\/wp-content\/uploads\/2025\/01\/20250111_192647-1149x1536.jpg 1149w, https:\/\/www.stefanim.fr\/wp-content\/uploads\/2025\/01\/20250111_192647-1532x2048.jpg 1532w, https:\/\/www.stefanim.fr\/wp-content\/uploads\/2025\/01\/20250111_192647-scaled.jpg 1915w\" sizes=\"(max-width: 266px) 100vw, 266px\" \/><\/p>\n<p>&nbsp;<\/p>\n<p>&nbsp;<\/p>\n<p>&nbsp;<\/p>\n<p>&nbsp;<\/p>\n<p>&nbsp;<\/p>\n<p>&nbsp;<\/p>\n<p>&nbsp;<\/p>\n<div id=\"comp-jeeumhh1\" class=\"_2UgQw\" aria-disabled=\"false\" data-angle=\"0\" data-angle-style-location=\"style\" data-screen-in-hide=\"done\"><\/div>\n<div id=\"comp-jrpoi4so\" class=\"_1Q9if\" data-testid=\"richTextElement\">\n<p class=\"font_7\">\n<\/div>\n<div id=\"comp-jrpokb27\" class=\"_1Q9if\" data-testid=\"richTextElement\">\n<p class=\"font_7\">\n<\/div>\n","protected":false},"excerpt":{"rendered":"<p>Pour votre Cocktail, ou votre vin d&rsquo;honneur :\u00a0 Une mise en place d&rsquo;un syst\u00e8me de sonorisation pour une ambiance et la diffusion de musique de votre choix. Comme:\u00a0 lounge, latino, Swing, jazz, blues &#8230; Et\u00a0pour\u00a0profiter&hellip; <\/p>\n<p><a class=\"more-link\" href=\"https:\/\/www.stefanim.fr\/index.php\/sonorisation-pour-votre-cocktail\/\">Continue Reading Sonorisation pour votre c\u00e9r\u00e9monie la\u00efque et Cocktail en ext\u00e9rieur.<\/a><\/p>\n","protected":false},"author":1,"featured_media":0,"parent":0,"menu_order":0,"comment_status":"closed","ping_status":"closed","template":"","meta":[],"aioseo_notices":[],"_links":{"self":[{"href":"https:\/\/www.stefanim.fr\/index.php\/wp-json\/wp\/v2\/pages\/7686"}],"collection":[{"href":"https:\/\/www.stefanim.fr\/index.php\/wp-json\/wp\/v2\/pages"}],"about":[{"href":"https:\/\/www.stefanim.fr\/index.php\/wp-json\/wp\/v2\/types\/page"}],"author":[{"embeddable":true,"href":"https:\/\/www.stefanim.fr\/index.php\/wp-json\/wp\/v2\/users\/1"}],"replies":[{"embeddable":true,"href":"https:\/\/www.stefanim.fr\/index.php\/wp-json\/wp\/v2\/comments?post=7686"}],"version-history":[{"count":32,"href":"https:\/\/www.stefanim.fr\/index.php\/wp-json\/wp\/v2\/pages\/7686\/revisions"}],"predecessor-version":[{"id":20946,"href":"https:\/\/www.stefanim.fr\/index.php\/wp-json\/wp\/v2\/pages\/7686\/revisions\/20946"}],"wp:attachment":[{"href":"https:\/\/www.stefanim.fr\/index.php\/wp-json\/wp\/v2\/media?parent=7686"}],"curies":[{"name":"wp","href":"https:\/\/api.w.org\/{rel}","templated":true}]}}