{"id":6,"date":"2019-09-07T19:07:29","date_gmt":"2019-09-07T17:07:29","guid":{"rendered":"http:\/\/www.stefanim.fr\/?page_id=6"},"modified":"2026-02-26T21:23:21","modified_gmt":"2026-02-26T20:23:21","slug":"accueil","status":"publish","type":"page","link":"https:\/\/www.stefanim.fr\/","title":{"rendered":"Accueil"},"content":{"rendered":"<p style=\"text-align: center;\"><span style=\"vertical-align: inherit;\"><span style=\"vertical-align: inherit;\"> Vous recherchez un Disc Jockey avec une exp\u00e9rience de plus de 25 ans<\/span><\/span><\/p>\n<h1 style=\"text-align: center;\"><strong><span style=\"vertical-align: inherit;\"><span style=\"vertical-align: inherit;\"> <img decoding=\"async\" loading=\"lazy\" class=\"alignnone wp-image-20950\" src=\"http:\/\/www.stefanim.fr\/wp-content\/uploads\/2026\/02\/01-1-300x200.jpg\" alt=\"\" width=\"386\" height=\"257\" srcset=\"https:\/\/www.stefanim.fr\/wp-content\/uploads\/2026\/02\/01-1-300x200.jpg 300w, https:\/\/www.stefanim.fr\/wp-content\/uploads\/2026\/02\/01-1-1024x683.jpg 1024w, https:\/\/www.stefanim.fr\/wp-content\/uploads\/2026\/02\/01-1-768x512.jpg 768w, https:\/\/www.stefanim.fr\/wp-content\/uploads\/2026\/02\/01-1.jpg 1536w\" sizes=\"(max-width: 386px) 100vw, 386px\" \/><\/span><\/span><\/strong><\/h1>\n<p style=\"text-align: left;\"><span style=\"vertical-align: inherit;\"><span style=\"vertical-align: inherit;\">* Mariages.<\/span><\/span><\/p>\n<p style=\"text-align: left;\"><span style=\"font-size: 1.2rem;\"><span style=\"vertical-align: inherit;\"><span style=\"vertical-align: inherit;\">\u00a0 \u00a0 * Anniversaires.<\/span><\/span><\/span><\/p>\n<p>\u00a0 \u00a0 \u00a0 \u00a0* H\u00f4tel de plein air, c<span style=\"vertical-align: inherit;\"><span style=\"vertical-align: inherit;\">ampings.<\/span><\/span><\/p>\n<p>* Restaurants, et bars.<\/p>\n<p>* Bapt\u00eames<\/p>\n<p>* Speaker<\/p>\n<p><span style=\"vertical-align: inherit;\"><span style=\"vertical-align: inherit;\">\u00a0 \u00a0 \u00a0 \u00a0 \u00a0 \u00a0 \u00a0 \u00a0 \u00a0 \u00a0 * Soir\u00e9e Blind-Test<\/span><\/span><\/p>\n<p style=\"text-align: left;\"><span style=\"vertical-align: inherit;\"><span style=\"vertical-align: inherit;\">\u00a0 \u00a0 \u00a0 \u00a0 \u00a0 \u00a0 \u00a0 \u00a0 \u00a0 \u00a0 \u00a0 \u00a0* Bal Publics ou Priv\u00e9s,<\/span><\/span><\/p>\n<p style=\"text-align: left;\"><span style=\"vertical-align: inherit;\"><span style=\"vertical-align: inherit;\">\u00a0 \u00a0 \u00a0 \u00a0 \u00a0 \u00a0 \u00a0 \u00a0 \u00a0 \u00a0 \u00a0 \u00a0 \u00a0 * D\u00e9part en Retraite,<\/span><\/span><\/p>\n<p style=\"text-align: left;\"><span style=\"vertical-align: inherit;\"><span style=\"vertical-align: inherit;\">\u00a0 \u00a0 \u00a0 \u00a0 \u00a0 \u00a0 \u00a0 \u00a0 \u00a0 \u00a0 \u00a0 \u00a0 \u00a0 \u00a0 \u00a0 * Comit\u00e9 d&rsquo;entreprise,<\/span><\/span><\/p>\n<p style=\"text-align: left;\"><span style=\"vertical-align: inherit;\"><span style=\"vertical-align: inherit;\">\u00a0 \u00a0 \u00a0 \u00a0 \u00a0 \u00a0 \u00a0 \u00a0 \u00a0 \u00a0 \u00a0 \u00a0 \u00a0 \u00a0 \u00a0 \u00a0 \u00a0 * Animation commerciale ( Les ventes Flash ).<\/span><\/span><\/p>\n<p>&nbsp;<\/p>\n<p><span style=\"vertical-align: inherit;\"><span style=\"vertical-align: inherit;\">Et pour faire danser tous vos invit\u00e9s de toutes g\u00e9n\u00e9rations, de la joie, du rire,<\/span><\/span><span style=\"font-size: 1.2rem;\"><span style=\"vertical-align: inherit;\"><span style=\"vertical-align: inherit;\"> des <\/span><\/span><\/span><span style=\"vertical-align: inherit;\"><span style=\"vertical-align: inherit;\">souvenirs inoubliables en perspective.<\/span><\/span><\/p>\n<p><span style=\"vertical-align: inherit;\"><span style=\"vertical-align: inherit;\">Diverses animations que je vous propose aussi tel que : Magie Close-Up * Jeux * Blind-Test ..<\/span><\/span><\/p>\n<p style=\"text-align: left;\"><span style=\"vertical-align: inherit;\"><span style=\"vertical-align: inherit;\">Je travaille avec du mat\u00e9riel professionnel et peut sonoriser jusqu&rsquo;\u00e0 3000 Watts pour une soir\u00e9e de plus de 1000 personnes, ou pour une animation en ext\u00e9rieur ( March\u00e9, Foire, Kermesse, March\u00e9 de No\u00ebl.. )<\/span><\/span><\/p>\n<p style=\"text-align: center;\"><span style=\"vertical-align: inherit;\"><span style=\"vertical-align: inherit;\">\u00a0J\u2019adapte la musique en fonction de la r\u00e9action du public . . .<\/span><\/span><\/p>\n<p style=\"text-align: center;\"><span style=\"vertical-align: inherit;\"><span style=\"vertical-align: inherit;\">* N&rsquo;h\u00e9sitez pas \u00e0 me contacter au 06.62.39.03.48. pour tout renseignement. *<\/span><\/span><\/p>\n<p style=\"text-align: center;\"><strong><span style=\"vertical-align: inherit;\"><span style=\"vertical-align: inherit;\">STEF&rsquo;ANIM EST INSCRIT AU REGISTRE DU COMMERCE, DONC C&rsquo;EST UN PROFESSIONNEL.<\/span><\/span><\/strong><br \/>\n<strong><span style=\"vertical-align: inherit;\"><span style=\"vertical-align: inherit;\">SIRET: 48116858100017<\/span><\/span><\/strong><\/p>\n","protected":false},"excerpt":{"rendered":"<p>Vous recherchez un Disc Jockey avec une exp\u00e9rience de plus de 25 ans * Mariages. \u00a0 \u00a0 * Anniversaires. \u00a0 \u00a0 \u00a0 \u00a0* H\u00f4tel de plein air, campings. * Restaurants, et bars. * Bapt\u00eames *&hellip; <\/p>\n<p><a class=\"more-link\" href=\"https:\/\/www.stefanim.fr\/\">Continue Reading Accueil<\/a><\/p>\n","protected":false},"author":1,"featured_media":0,"parent":0,"menu_order":0,"comment_status":"closed","ping_status":"closed","template":"","meta":[],"aioseo_notices":[],"_links":{"self":[{"href":"https:\/\/www.stefanim.fr\/index.php\/wp-json\/wp\/v2\/pages\/6"}],"collection":[{"href":"https:\/\/www.stefanim.fr\/index.php\/wp-json\/wp\/v2\/pages"}],"about":[{"href":"https:\/\/www.stefanim.fr\/index.php\/wp-json\/wp\/v2\/types\/page"}],"author":[{"embeddable":true,"href":"https:\/\/www.stefanim.fr\/index.php\/wp-json\/wp\/v2\/users\/1"}],"replies":[{"embeddable":true,"href":"https:\/\/www.stefanim.fr\/index.php\/wp-json\/wp\/v2\/comments?post=6"}],"version-history":[{"count":50,"href":"https:\/\/www.stefanim.fr\/index.php\/wp-json\/wp\/v2\/pages\/6\/revisions"}],"predecessor-version":[{"id":20963,"href":"https:\/\/www.stefanim.fr\/index.php\/wp-json\/wp\/v2\/pages\/6\/revisions\/20963"}],"wp:attachment":[{"href":"https:\/\/www.stefanim.fr\/index.php\/wp-json\/wp\/v2\/media?parent=6"}],"curies":[{"name":"wp","href":"https:\/\/api.w.org\/{rel}","templated":true}]}}