{"id":17,"date":"2019-09-07T19:18:53","date_gmt":"2019-09-07T17:18:53","guid":{"rendered":"http:\/\/www.stefanim.fr\/?page_id=17"},"modified":"2024-11-26T12:33:22","modified_gmt":"2024-11-26T11:33:22","slug":"prestations","status":"publish","type":"page","link":"https:\/\/www.stefanim.fr\/index.php\/prestations\/","title":{"rendered":"Prestations"},"content":{"rendered":"<p style=\"text-align: center;\">Mariages, Anniversaires, Camping, H\u00f4tel de plein air, Discoth\u00e8ques, Animations commerciale,<br \/>\nCommunion, Bapt\u00eame, Nouvel An, Soir\u00e9e \u00e9tudiante, Foire, March\u00e9 de No\u00ebl &#8230;.<\/p>\n<p style=\"text-align: center;\">Association, Soir\u00e9e priv\u00e9, Soir\u00e9e \u00e9tudiants,<br \/>\nS\u00e9minaire d\u2019entreprise, Sonorisation<\/p>\n<p style=\"text-align: center;\">Je s\u00e9lectionne avec vous la programmation dans ma playlist de + de 6000 titres, r\u00e9pertori\u00e9s dans tous les styles musicaux tels que: Musette, Salsa, Rock, Reggae, Vari\u00e9t\u00e9 fran\u00e7aise, Funk, Zouk, Dance, Disco, les 80&rsquo;S, 90&rsquo;S, Jusqu&rsquo;aux tubes actuels.<\/p>\n<p style=\"text-align: center;\">Je mixe et j&rsquo;adapte la musique en fonction de la r\u00e9action du public . . .<\/p>\n<p style=\"text-align: center;\">Je me d\u00e9place en Loire Atlantique et d\u00e9partements voisins.<\/p>\n<p style=\"text-align: center;\">\n","protected":false},"excerpt":{"rendered":"<p>Mariages, Anniversaires, Camping, H\u00f4tel de plein air, Discoth\u00e8ques, Animations commerciale, Communion, Bapt\u00eame, Nouvel An, Soir\u00e9e \u00e9tudiante, Foire, March\u00e9 de No\u00ebl &#8230;. Association, Soir\u00e9e priv\u00e9, Soir\u00e9e \u00e9tudiants, S\u00e9minaire d\u2019entreprise, Sonorisation Je s\u00e9lectionne avec vous la programmation&hellip; <\/p>\n<p><a class=\"more-link\" href=\"https:\/\/www.stefanim.fr\/index.php\/prestations\/\">Continue Reading Prestations<\/a><\/p>\n","protected":false},"author":1,"featured_media":0,"parent":0,"menu_order":0,"comment_status":"closed","ping_status":"closed","template":"","meta":[],"aioseo_notices":[],"_links":{"self":[{"href":"https:\/\/www.stefanim.fr\/index.php\/wp-json\/wp\/v2\/pages\/17"}],"collection":[{"href":"https:\/\/www.stefanim.fr\/index.php\/wp-json\/wp\/v2\/pages"}],"about":[{"href":"https:\/\/www.stefanim.fr\/index.php\/wp-json\/wp\/v2\/types\/page"}],"author":[{"embeddable":true,"href":"https:\/\/www.stefanim.fr\/index.php\/wp-json\/wp\/v2\/users\/1"}],"replies":[{"embeddable":true,"href":"https:\/\/www.stefanim.fr\/index.php\/wp-json\/wp\/v2\/comments?post=17"}],"version-history":[{"count":12,"href":"https:\/\/www.stefanim.fr\/index.php\/wp-json\/wp\/v2\/pages\/17\/revisions"}],"predecessor-version":[{"id":20893,"href":"https:\/\/www.stefanim.fr\/index.php\/wp-json\/wp\/v2\/pages\/17\/revisions\/20893"}],"wp:attachment":[{"href":"https:\/\/www.stefanim.fr\/index.php\/wp-json\/wp\/v2\/media?parent=17"}],"curies":[{"name":"wp","href":"https:\/\/api.w.org\/{rel}","templated":true}]}}