{"id":157,"date":"2020-02-06T16:15:11","date_gmt":"2020-02-06T15:15:11","guid":{"rendered":"http:\/\/www.stefanim.fr\/?page_id=157"},"modified":"2024-02-02T20:22:34","modified_gmt":"2024-02-02T19:22:34","slug":"partenaires","status":"publish","type":"page","link":"https:\/\/www.stefanim.fr\/index.php\/partenaires\/","title":{"rendered":"Partenaires"},"content":{"rendered":"<p>&nbsp;<\/p>\n<p style=\"text-align: center;\"><strong>Je travaille aussi avec un super Photographe professionnel<\/strong><\/p>\n<p style=\"text-align: center;\"><a href=\"http:\/\/www.yohannlegendre.com\"><img decoding=\"async\" loading=\"lazy\" class=\"wp-image-177 aligncenter\" src=\"http:\/\/www.stefanim.fr\/wp-content\/uploads\/2020\/02\/LOGO-DE-YOHANN-300x120.png\" alt=\"\" width=\"533\" height=\"213\" srcset=\"https:\/\/www.stefanim.fr\/wp-content\/uploads\/2020\/02\/LOGO-DE-YOHANN-300x120.png 300w, https:\/\/www.stefanim.fr\/wp-content\/uploads\/2020\/02\/LOGO-DE-YOHANN.png 355w\" sizes=\"(max-width: 533px) 100vw, 533px\" \/><strong>T\u00e9l\u00e9phone : 06 89 15 35 50<\/strong><\/a><\/p>\n<p>&nbsp;<\/p>\n<p>&nbsp;<\/p>\n<p style=\"text-align: center;\"><strong>Avec Laurent T\u00e9o sculpteur de ballon.<\/strong><\/p>\n<p>&nbsp;<\/p>\n<p><img decoding=\"async\" loading=\"lazy\" class=\" wp-image-277 aligncenter\" src=\"http:\/\/www.stefanim.fr\/wp-content\/uploads\/2020\/04\/LAURENT-TEO-300x169.jpg\" alt=\"\" width=\"480\" height=\"270\" srcset=\"https:\/\/www.stefanim.fr\/wp-content\/uploads\/2020\/04\/LAURENT-TEO-300x169.jpg 300w, https:\/\/www.stefanim.fr\/wp-content\/uploads\/2020\/04\/LAURENT-TEO.jpg 640w\" sizes=\"(max-width: 480px) 100vw, 480px\" \/><\/p>\n<p style=\"text-align: center;\"><strong>T\u00e9l\u00e9phone : 06-16-28-79-33<\/strong><\/p>\n<p>&nbsp;<\/p>\n<p>&nbsp;<\/p>\n<p style=\"text-align: center;\"><strong>Et pour vous mesdames de tr\u00e8s belles robe chez les :\u00a0<\/strong><\/p>\n<p style=\"text-align: center;\"><img decoding=\"async\" loading=\"lazy\" class=\"alignnone wp-image-7676 aligncenter\" src=\"http:\/\/www.stefanim.fr\/wp-content\/uploads\/2021\/09\/LES-MARI\u00c9S-DE-NANT\u00c9ES.png\" alt=\"\" width=\"324\" height=\"324\" srcset=\"https:\/\/www.stefanim.fr\/wp-content\/uploads\/2021\/09\/LES-MARI\u00c9S-DE-NANT\u00c9ES.png 225w, https:\/\/www.stefanim.fr\/wp-content\/uploads\/2021\/09\/LES-MARI\u00c9S-DE-NANT\u00c9ES-150x150.png 150w\" sizes=\"(max-width: 324px) 100vw, 324px\" \/><strong><span style=\"font-size: 1.2rem;\">T\u00e9l\u00e9phone : 02-40-41-90-00<\/span><\/strong><\/p>\n<p>&nbsp;<\/p>\n","protected":false},"excerpt":{"rendered":"<p>&nbsp; Je travaille aussi avec un super Photographe professionnel T\u00e9l\u00e9phone : 06 89 15 35 50 &nbsp; &nbsp; Avec Laurent T\u00e9o sculpteur de ballon. &nbsp; T\u00e9l\u00e9phone : 06-16-28-79-33 &nbsp; &nbsp; Et pour vous mesdames de&hellip; <\/p>\n<p><a class=\"more-link\" href=\"https:\/\/www.stefanim.fr\/index.php\/partenaires\/\">Continue Reading Partenaires<\/a><\/p>\n","protected":false},"author":1,"featured_media":0,"parent":0,"menu_order":0,"comment_status":"closed","ping_status":"closed","template":"","meta":[],"aioseo_notices":[],"_links":{"self":[{"href":"https:\/\/www.stefanim.fr\/index.php\/wp-json\/wp\/v2\/pages\/157"}],"collection":[{"href":"https:\/\/www.stefanim.fr\/index.php\/wp-json\/wp\/v2\/pages"}],"about":[{"href":"https:\/\/www.stefanim.fr\/index.php\/wp-json\/wp\/v2\/types\/page"}],"author":[{"embeddable":true,"href":"https:\/\/www.stefanim.fr\/index.php\/wp-json\/wp\/v2\/users\/1"}],"replies":[{"embeddable":true,"href":"https:\/\/www.stefanim.fr\/index.php\/wp-json\/wp\/v2\/comments?post=157"}],"version-history":[{"count":15,"href":"https:\/\/www.stefanim.fr\/index.php\/wp-json\/wp\/v2\/pages\/157\/revisions"}],"predecessor-version":[{"id":20733,"href":"https:\/\/www.stefanim.fr\/index.php\/wp-json\/wp\/v2\/pages\/157\/revisions\/20733"}],"wp:attachment":[{"href":"https:\/\/www.stefanim.fr\/index.php\/wp-json\/wp\/v2\/media?parent=157"}],"curies":[{"name":"wp","href":"https:\/\/api.w.org\/{rel}","templated":true}]}}